{"id":1434,"date":"2021-08-30T14:34:56","date_gmt":"2021-08-30T14:34:56","guid":{"rendered":"https:\/\/bhapi.io\/faq\/"},"modified":"2024-07-28T14:16:10","modified_gmt":"2024-07-28T14:16:10","slug":"faq","status":"publish","type":"page","link":"https:\/\/bhapi.com\/pt-br\/faq\/","title":{"rendered":"FAQ"},"content":{"rendered":"\t\t<div data-elementor-type=\"wp-page\" data-elementor-id=\"1434\" class=\"elementor elementor-1434 elementor-691\" data-elementor-post-type=\"page\">\n\t\t\t\t\t\t<section class=\"elementor-section elementor-top-section elementor-element elementor-element-4d0f522 elementor-section-boxed elementor-section-height-default elementor-section-height-default\" data-id=\"4d0f522\" data-element_type=\"section\" data-settings=\"{&quot;background_background&quot;:&quot;classic&quot;}\">\n\t\t\t\t\t\t\t<div class=\"elementor-background-overlay\"><\/div>\n\t\t\t\t\t\t\t<div class=\"elementor-container elementor-column-gap-default\">\n\t\t\t\t\t<div class=\"elementor-column elementor-col-100 elementor-top-column elementor-element elementor-element-e2a07f7\" data-id=\"e2a07f7\" data-element_type=\"column\">\n\t\t\t<div class=\"elementor-widget-wrap elementor-element-populated\">\n\t\t\t\t\t\t<div class=\"elementor-element elementor-element-5d0df98 elementor-widget elementor-widget-heading\" data-id=\"5d0df98\" data-element_type=\"widget\" data-widget_type=\"heading.default\">\n\t\t\t\t<div class=\"elementor-widget-container\">\n\t\t\t\t\t<h2 class=\"elementor-heading-title elementor-size-default\">Estamos aqui para ajudar voc\u00ea.<\/h2>\t\t\t\t<\/div>\n\t\t\t\t<\/div>\n\t\t\t\t<div class=\"elementor-element elementor-element-97930d8 elementor-widget elementor-widget-text-editor\" data-id=\"97930d8\" data-element_type=\"widget\" data-widget_type=\"text-editor.default\">\n\t\t\t\t<div class=\"elementor-widget-container\">\n\t\t\t\t\t\t\t\t\t<p><span style=\"white-space: pre-wrap;\">Estamos aqui para te ajudar! Veja abaixo as d\u00favidas mais frequentes sobre a bhapi<\/span><\/p>\n\t\t\t\t\t\t\t\t<\/div>\n\t\t\t\t<\/div>\n\t\t\t\t<div class=\"elementor-element elementor-element-36743b3 elementor-widget elementor-widget-accordion\" data-id=\"36743b3\" data-element_type=\"widget\" data-widget_type=\"accordion.default\">\n\t\t\t\t<div class=\"elementor-widget-container\">\n\t\t\t\t\t\t\t<div class=\"elementor-accordion\">\n\t\t\t\t\t\t\t<div class=\"elementor-accordion-item\">\n\t\t\t\t\t<div id=\"elementor-tab-title-5701\" class=\"elementor-tab-title\" data-tab=\"1\" role=\"button\" aria-controls=\"elementor-tab-content-5701\" aria-expanded=\"false\">\n\t\t\t\t\t\t\t\t\t\t\t\t<a class=\"elementor-accordion-title\" tabindex=\"0\">01 O que \u00e9 Bhapi\u00ae? <\/a>\n\t\t\t\t\t<\/div>\n\t\t\t\t\t<div id=\"elementor-tab-content-5701\" class=\"elementor-tab-content elementor-clearfix\" data-tab=\"1\" role=\"region\" aria-labelledby=\"elementor-tab-title-5701\"><p>O Bhapi\u00ae personaliza as redes sociais especificamente para a comunidade escolar. Ele cria um ambiente seguro onde estudantes, fam\u00edlias e professores podem se comunicar e colaborar. Isso melhora a vida escolar por meio de intera\u00e7\u00f5es positivas e construtivas.<\/p>\n<\/div>\n\t\t\t\t<\/div>\n\t\t\t\t\t\t\t<div class=\"elementor-accordion-item\">\n\t\t\t\t\t<div id=\"elementor-tab-title-5702\" class=\"elementor-tab-title\" data-tab=\"2\" role=\"button\" aria-controls=\"elementor-tab-content-5702\" aria-expanded=\"false\">\n\t\t\t\t\t\t\t\t\t\t\t\t<a class=\"elementor-accordion-title\" tabindex=\"0\">02 Quem pode usar o Bhapi\u00ae? <\/a>\n\t\t\t\t\t<\/div>\n\t\t\t\t\t<div id=\"elementor-tab-content-5702\" class=\"elementor-tab-content elementor-clearfix\" data-tab=\"2\" role=\"region\" aria-labelledby=\"elementor-tab-title-5702\"><p>Estudantes, suas fam\u00edlias e professores dentro da comunidade escolar usam o Bhapi\u00ae.<\/p>\n<\/div>\n\t\t\t\t<\/div>\n\t\t\t\t\t\t\t<div class=\"elementor-accordion-item\">\n\t\t\t\t\t<div id=\"elementor-tab-title-5703\" class=\"elementor-tab-title\" data-tab=\"3\" role=\"button\" aria-controls=\"elementor-tab-content-5703\" aria-expanded=\"false\">\n\t\t\t\t\t\t\t\t\t\t\t\t<a class=\"elementor-accordion-title\" tabindex=\"0\">03 O que os usu\u00e1rios podem fazer no Bhapi\u00ae?<\/a>\n\t\t\t\t\t<\/div>\n\t\t\t\t\t<div id=\"elementor-tab-content-5703\" class=\"elementor-tab-content elementor-clearfix\" data-tab=\"3\" role=\"region\" aria-labelledby=\"elementor-tab-title-5703\"><p>Os usu\u00e1rios compartilham v\u00eddeos, fotos, eventos e outras postagens interativas. Eles tamb\u00e9m participam de atividades educacionais focadas na cidadania digital e no uso respons\u00e1vel das redes sociais.<\/p>\n<\/div>\n\t\t\t\t<\/div>\n\t\t\t\t\t\t\t<div class=\"elementor-accordion-item\">\n\t\t\t\t\t<div id=\"elementor-tab-title-5704\" class=\"elementor-tab-title\" data-tab=\"4\" role=\"button\" aria-controls=\"elementor-tab-content-5704\" aria-expanded=\"false\">\n\t\t\t\t\t\t\t\t\t\t\t\t<a class=\"elementor-accordion-title\" tabindex=\"0\">04 Como a Bhapi\u00ae promove a cidadania digital?<\/a>\n\t\t\t\t\t<\/div>\n\t\t\t\t\t<div id=\"elementor-tab-content-5704\" class=\"elementor-tab-content elementor-clearfix\" data-tab=\"4\" role=\"region\" aria-labelledby=\"elementor-tab-title-5704\"><p>O Bhapi\u00ae oferece iniciativas educacionais, como tutoriais sobre configura\u00e7\u00f5es de privacidade, discuss\u00f5es sobre preven\u00e7\u00e3o ao cyberbullying e orienta\u00e7\u00e3o sobre como discernir fontes confi\u00e1veis online.<\/p>\n<\/div>\n\t\t\t\t<\/div>\n\t\t\t\t\t\t\t<div class=\"elementor-accordion-item\">\n\t\t\t\t\t<div id=\"elementor-tab-title-5705\" class=\"elementor-tab-title\" data-tab=\"5\" role=\"button\" aria-controls=\"elementor-tab-content-5705\" aria-expanded=\"false\">\n\t\t\t\t\t\t\t\t\t\t\t\t<a class=\"elementor-accordion-title\" tabindex=\"0\">05 Bhapi\u00ae \u00e9 seguro para crian\u00e7as?<\/a>\n\t\t\t\t\t<\/div>\n\t\t\t\t\t<div id=\"elementor-tab-content-5705\" class=\"elementor-tab-content elementor-clearfix\" data-tab=\"5\" role=\"region\" aria-labelledby=\"elementor-tab-title-5705\"><p>&#8220;O Bhapi\u00ae incorpora filtros de privacidade que protegem contra conte\u00fado t\u00f3xico ou inadequado, garantindo um ambiente seguro e enriquecedor para os estudantes.<\/p>\n<\/div>\n\t\t\t\t<\/div>\n\t\t\t\t\t\t\t<div class=\"elementor-accordion-item\">\n\t\t\t\t\t<div id=\"elementor-tab-title-5706\" class=\"elementor-tab-title\" data-tab=\"6\" role=\"button\" aria-controls=\"elementor-tab-content-5706\" aria-expanded=\"false\">\n\t\t\t\t\t\t\t\t\t\t\t\t<a class=\"elementor-accordion-title\" tabindex=\"0\">06 Os pais podem monitorar as atividades de seus filhos no Bhapi\u00ae?<\/a>\n\t\t\t\t\t<\/div>\n\t\t\t\t\t<div id=\"elementor-tab-content-5706\" class=\"elementor-tab-content elementor-clearfix\" data-tab=\"6\" role=\"region\" aria-labelledby=\"elementor-tab-title-5706\"><p>Os pais podem ver completamente as atividades de seus filhos no Bhapi\u00ae, o que promove uma comunica\u00e7\u00e3o aberta e refor\u00e7a os valores educacionais em casa.<\/p>\n<\/div>\n\t\t\t\t<\/div>\n\t\t\t\t\t\t\t<div class=\"elementor-accordion-item\">\n\t\t\t\t\t<div id=\"elementor-tab-title-5707\" class=\"elementor-tab-title\" data-tab=\"7\" role=\"button\" aria-controls=\"elementor-tab-content-5707\" aria-expanded=\"false\">\n\t\t\t\t\t\t\t\t\t\t\t\t<a class=\"elementor-accordion-title\" tabindex=\"0\">07 Como o Bhapi\u00ae beneficia a comunidade escolar?<\/a>\n\t\t\t\t\t<\/div>\n\t\t\t\t\t<div id=\"elementor-tab-content-5707\" class=\"elementor-tab-content elementor-clearfix\" data-tab=\"7\" role=\"region\" aria-labelledby=\"elementor-tab-title-5707\"><p>Bhapi\u00ae facilita a comunica\u00e7\u00e3o e colabora\u00e7\u00e3o entre estudantes, fam\u00edlias e professores, melhorando a vida escolar. Tamb\u00e9m fornece conte\u00fado confi\u00e1vel e conhecimento para uma jornada digital mais segura.<\/p>\n<\/div>\n\t\t\t\t<\/div>\n\t\t\t\t\t\t\t<div class=\"elementor-accordion-item\">\n\t\t\t\t\t<div id=\"elementor-tab-title-5708\" class=\"elementor-tab-title\" data-tab=\"8\" role=\"button\" aria-controls=\"elementor-tab-content-5708\" aria-expanded=\"false\">\n\t\t\t\t\t\t\t\t\t\t\t\t<a class=\"elementor-accordion-title\" tabindex=\"0\">08 Como as escolas podem solicitar conte\u00fado para o Bhapi\u00ae?<\/a>\n\t\t\t\t\t<\/div>\n\t\t\t\t\t<div id=\"elementor-tab-content-5708\" class=\"elementor-tab-content elementor-clearfix\" data-tab=\"8\" role=\"region\" aria-labelledby=\"elementor-tab-title-5708\"><p>As escolas solicitam conte\u00fado para promover o Bhapi\u00ae em suas escolas e salas de aula atrav\u00e9s de uma p\u00e1gina dedicada. Elas nos contatam diretamente para nos informar como podemos ajudar.<\/p>\n<\/div>\n\t\t\t\t<\/div>\n\t\t\t\t\t\t\t<div class=\"elementor-accordion-item\">\n\t\t\t\t\t<div id=\"elementor-tab-title-5709\" class=\"elementor-tab-title\" data-tab=\"9\" role=\"button\" aria-controls=\"elementor-tab-content-5709\" aria-expanded=\"false\">\n\t\t\t\t\t\t\t\t\t\t\t\t<a class=\"elementor-accordion-title\" tabindex=\"0\">09 Quais medidas est\u00e3o em vigor para garantir a seguran\u00e7a do conte\u00fado no Bhapi\u00ae?<\/a>\n\t\t\t\t\t<\/div>\n\t\t\t\t\t<div id=\"elementor-tab-content-5709\" class=\"elementor-tab-content elementor-clearfix\" data-tab=\"9\" role=\"region\" aria-labelledby=\"elementor-tab-title-5709\"><p>Bhapi\u00ae utiliza filtros de privacidade para proteger os usu\u00e1rios da exposi\u00e7\u00e3o a conte\u00fado t\u00f3xico ou inapropriado, garantindo um ambiente de aprendizado seguro e enriquecedor.<\/p>\n<\/div>\n\t\t\t\t<\/div>\n\t\t\t\t\t\t\t<div class=\"elementor-accordion-item\">\n\t\t\t\t\t<div id=\"elementor-tab-title-57010\" class=\"elementor-tab-title\" data-tab=\"10\" role=\"button\" aria-controls=\"elementor-tab-content-57010\" aria-expanded=\"false\">\n\t\t\t\t\t\t\t\t\t\t\t\t<a class=\"elementor-accordion-title\" tabindex=\"0\">10 Como o Bhapi\u00ae apoia o uso respons\u00e1vel das redes sociais?<\/a>\n\t\t\t\t\t<\/div>\n\t\t\t\t\t<div id=\"elementor-tab-content-57010\" class=\"elementor-tab-content elementor-clearfix\" data-tab=\"10\" role=\"region\" aria-labelledby=\"elementor-tab-title-57010\"><p>Bhapi\u00ae fornece recursos educacionais e atividades para apoiar o uso respons\u00e1vel das m\u00eddias sociais. Esses recursos focam na cidadania digital, incluindo li\u00e7\u00f5es sobre privacidade, preven\u00e7\u00e3o do cyberbullying e avalia\u00e7\u00e3o de fontes confi\u00e1veis.<\/p>\n<\/div>\n\t\t\t\t<\/div>\n\t\t\t\t\t\t\t<div class=\"elementor-accordion-item\">\n\t\t\t\t\t<div id=\"elementor-tab-title-57011\" class=\"elementor-tab-title\" data-tab=\"11\" role=\"button\" aria-controls=\"elementor-tab-content-57011\" aria-expanded=\"false\">\n\t\t\t\t\t\t\t\t\t\t\t\t<a class=\"elementor-accordion-title\" tabindex=\"0\">11 O Bhapi\u00ae pode ser personalizado para diferentes escolas?<\/a>\n\t\t\t\t\t<\/div>\n\t\t\t\t\t<div id=\"elementor-tab-content-57011\" class=\"elementor-tab-content elementor-clearfix\" data-tab=\"11\" role=\"region\" aria-labelledby=\"elementor-tab-title-57011\"><p>Sim, projetamos o Bhapi\u00ae para ser um aplicativo de m\u00eddia social personalizado que atende \u00e0s necessidades espec\u00edficas de diferentes comunidades escolares.<\/p>\n<\/div>\n\t\t\t\t<\/div>\n\t\t\t\t\t\t\t<div class=\"elementor-accordion-item\">\n\t\t\t\t\t<div id=\"elementor-tab-title-57012\" class=\"elementor-tab-title\" data-tab=\"12\" role=\"button\" aria-controls=\"elementor-tab-content-57012\" aria-expanded=\"false\">\n\t\t\t\t\t\t\t\t\t\t\t\t<a class=\"elementor-accordion-title\" tabindex=\"0\">12 Como posso come\u00e7ar a usar o Bhapi\u00ae?<\/a>\n\t\t\t\t\t<\/div>\n\t\t\t\t\t<div id=\"elementor-tab-content-57012\" class=\"elementor-tab-content elementor-clearfix\" data-tab=\"12\" role=\"region\" aria-labelledby=\"elementor-tab-title-57012\"><p>As escolas podem se inscrever e solicitar mais informa\u00e7\u00f5es atrav\u00e9s da nossa p\u00e1gina de contato para come\u00e7ar com o Bhapi\u00ae. N\u00f3s guiamos voc\u00ea durante o processo de configura\u00e7\u00e3o e ajudamos a integrar o Bhapi\u00ae na sua comunidade escolar.<\/p>\n<\/div>\n\t\t\t\t<\/div>\n\t\t\t\t\t\t\t<div class=\"elementor-accordion-item\">\n\t\t\t\t\t<div id=\"elementor-tab-title-57013\" class=\"elementor-tab-title\" data-tab=\"13\" role=\"button\" aria-controls=\"elementor-tab-content-57013\" aria-expanded=\"false\">\n\t\t\t\t\t\t\t\t\t\t\t\t<a class=\"elementor-accordion-title\" tabindex=\"0\">13 Por que devo me importar com minha privacidade?<\/a>\n\t\t\t\t\t<\/div>\n\t\t\t\t\t<div id=\"elementor-tab-content-57013\" class=\"elementor-tab-content elementor-clearfix\" data-tab=\"13\" role=\"region\" aria-labelledby=\"elementor-tab-title-57013\"><p>Usamos redes sociais, fazemos compras, realizamos pesquisas e participamos de muitas outras atividades online. Como nossas vidas online s\u00e3o intensas, \u00e9 crucial entender como as empresas usam, coletam e compartilham nossas informa\u00e7\u00f5es pessoais. As empresas podem armazenar nossos dados indefinidamente, por isso devemos ser cautelosos sobre quais informa\u00e7\u00f5es pessoais compartilhamos e com quem. Ao fazer isso, protegemos a n\u00f3s mesmos contra roubo de identidade, fraude, ciberataques financeiros, cyberbullying e v\u00e1rias formas de ass\u00e9dio.<\/p>\n<\/div>\n\t\t\t\t<\/div>\n\t\t\t\t\t\t\t<div class=\"elementor-accordion-item\">\n\t\t\t\t\t<div id=\"elementor-tab-title-57014\" class=\"elementor-tab-title\" data-tab=\"14\" role=\"button\" aria-controls=\"elementor-tab-content-57014\" aria-expanded=\"false\">\n\t\t\t\t\t\t\t\t\t\t\t\t<a class=\"elementor-accordion-title\" tabindex=\"0\">14 Como o Bhapi\u00ae protege a privacidade e os dados pessoais dos indiv\u00edduos?<\/a>\n\t\t\t\t\t<\/div>\n\t\t\t\t\t<div id=\"elementor-tab-content-57014\" class=\"elementor-tab-content elementor-clearfix\" data-tab=\"14\" role=\"region\" aria-labelledby=\"elementor-tab-title-57014\"><p>&#8220;N\u00e3o compartilhamos ou vendemos dados pessoais a terceiros. Criptografamos todos os anexos. Tamb\u00e9m realizamos testes de seguran\u00e7a externos regularmente.<\/p>\n<\/div>\n\t\t\t\t<\/div>\n\t\t\t\t\t\t\t\t<\/div>\n\t\t\t\t\t\t<\/div>\n\t\t\t\t<\/div>\n\t\t\t\t\t<\/div>\n\t\t<\/div>\n\t\t\t\t\t<\/div>\n\t\t<\/section>\n\t\t\t\t<\/div>\n\t\t","protected":false},"excerpt":{"rendered":"<p>Estamos aqui para ajudar voc\u00ea. Estamos aqui para te ajudar! Veja abaixo as d\u00favidas mais frequentes sobre a bhapi 01 O que \u00e9 Bhapi\u00ae? O Bhapi\u00ae personaliza as redes sociais especificamente para a comunidade escolar. Ele cria um ambiente seguro onde estudantes, fam\u00edlias e professores podem se comunicar e colaborar. Isso melhora a vida escolar [&hellip;]<\/p>\n","protected":false},"author":3,"featured_media":0,"parent":0,"menu_order":0,"comment_status":"closed","ping_status":"closed","template":"elementor_header_footer","meta":{"_monsterinsights_skip_tracking":false,"_monsterinsights_sitenote_active":false,"_monsterinsights_sitenote_note":"","_monsterinsights_sitenote_category":0,"footnotes":""},"class_list":["post-1434","page","type-page","status-publish","hentry"],"_links":{"self":[{"href":"https:\/\/bhapi.com\/pt-br\/wp-json\/wp\/v2\/pages\/1434","targetHints":{"allow":["GET"]}}],"collection":[{"href":"https:\/\/bhapi.com\/pt-br\/wp-json\/wp\/v2\/pages"}],"about":[{"href":"https:\/\/bhapi.com\/pt-br\/wp-json\/wp\/v2\/types\/page"}],"author":[{"embeddable":true,"href":"https:\/\/bhapi.com\/pt-br\/wp-json\/wp\/v2\/users\/3"}],"replies":[{"embeddable":true,"href":"https:\/\/bhapi.com\/pt-br\/wp-json\/wp\/v2\/comments?post=1434"}],"version-history":[{"count":5,"href":"https:\/\/bhapi.com\/pt-br\/wp-json\/wp\/v2\/pages\/1434\/revisions"}],"predecessor-version":[{"id":3411,"href":"https:\/\/bhapi.com\/pt-br\/wp-json\/wp\/v2\/pages\/1434\/revisions\/3411"}],"wp:attachment":[{"href":"https:\/\/bhapi.com\/pt-br\/wp-json\/wp\/v2\/media?parent=1434"}],"curies":[{"name":"wp","href":"https:\/\/api.w.org\/{rel}","templated":true}]}}