{"id":1687,"date":"2021-09-08T15:09:31","date_gmt":"2021-09-08T15:09:31","guid":{"rendered":"https:\/\/bhapi.io\/politica-de-cookies\/"},"modified":"2023-10-21T15:44:04","modified_gmt":"2023-10-21T15:44:04","slug":"politica-de-cookies","status":"publish","type":"page","link":"https:\/\/bhapi.com\/pt-br\/politica-de-cookies\/","title":{"rendered":"Pol\u00edtica de Cookies"},"content":{"rendered":"\t\t<div data-elementor-type=\"wp-page\" data-elementor-id=\"1687\" class=\"elementor elementor-1687 elementor-1292\" data-elementor-post-type=\"page\">\n\t\t\t\t\t\t<section class=\"elementor-section elementor-top-section elementor-element elementor-element-1db1674 elementor-section-boxed elementor-section-height-default elementor-section-height-default\" data-id=\"1db1674\" data-element_type=\"section\" data-settings=\"{&quot;background_background&quot;:&quot;classic&quot;}\">\n\t\t\t\t\t\t<div class=\"elementor-container elementor-column-gap-default\">\n\t\t\t\t\t<div class=\"elementor-column elementor-col-100 elementor-top-column elementor-element elementor-element-295fe9b\" data-id=\"295fe9b\" data-element_type=\"column\">\n\t\t\t<div class=\"elementor-widget-wrap elementor-element-populated\">\n\t\t\t\t\t\t<div class=\"elementor-element elementor-element-f34bfb9 elementor-widget elementor-widget-heading\" data-id=\"f34bfb9\" data-element_type=\"widget\" data-widget_type=\"heading.default\">\n\t\t\t\t<div class=\"elementor-widget-container\">\n\t\t\t\t\t<h2 class=\"elementor-heading-title elementor-size-default\">Pol\u00edtica de Cookies<\/h2>\t\t\t\t<\/div>\n\t\t\t\t<\/div>\n\t\t\t\t\t<\/div>\n\t\t<\/div>\n\t\t\t\t\t<\/div>\n\t\t<\/section>\n\t\t\t\t<section class=\"elementor-section elementor-top-section elementor-element elementor-element-5e5cdda elementor-section-boxed elementor-section-height-default elementor-section-height-default\" data-id=\"5e5cdda\" data-element_type=\"section\">\n\t\t\t\t\t\t<div class=\"elementor-container elementor-column-gap-default\">\n\t\t\t\t\t<div class=\"elementor-column elementor-col-100 elementor-top-column elementor-element elementor-element-62684f0\" data-id=\"62684f0\" data-element_type=\"column\">\n\t\t\t<div class=\"elementor-widget-wrap elementor-element-populated\">\n\t\t\t\t\t\t<div class=\"elementor-element elementor-element-0322ccc elementor-widget elementor-widget-text-editor\" data-id=\"0322ccc\" data-element_type=\"widget\" data-widget_type=\"text-editor.default\">\n\t\t\t\t<div class=\"elementor-widget-container\">\n\t\t\t\t\t\t\t\t\t<p><i><span style=\"font-weight: 400;\">\u00daltima atualiza\u00e7\u00e3o em 26 de Agosto de 2021<\/span><\/i><\/p>\n<p><span style=\"font-weight: 400;\"><br \/>\n<\/span><span style=\"font-weight: 400;\">Esta Pol\u00edtica de Cookies explica como a Bhapi Inc (\u201cempresa\u201d, \u201cn\u00f3s\u201d, \u201cnos\u201d e \u201cnosso\u201d) utiliza<\/span><\/p>\n<p><span style=\"font-weight: 400;\">cookies e tecnologias semelhantes para reconhecer quando voc\u00ea visita nossos sites em<\/span><\/p>\n<p><span style=\"font-weight: 400;\">https:\/\/bhapi.com.br<\/span><span style=\"font-weight: 400;\">, (\u201cWebsites\u201d). Este aviso explica o que s\u00e3o essas tecnologias e por que as usamos, bem como seus direitos de controlar nosso uso delas. <\/span><span style=\"font-weight: 400;\"><br \/>\n<\/span><span style=\"font-weight: 400;\"><br \/>\n<\/span><span style=\"font-weight: 400;\">Em alguns casos, podemos usar cookies para coletar informa\u00e7\u00f5es pessoais, ou que se tornem<\/span><\/p>\n<p><span style=\"font-weight: 400;\">informa\u00e7\u00f5es pessoais se as combinarmos com outras informa\u00e7\u00f5es.<\/span><\/p>\n<p class=\"p1\">\n<p><b>O que s\u00e3o cookies?<\/b><\/p>\n<p><span style=\"font-weight: 400;\">Cookies s\u00e3o pequenos arquivos de dados que s\u00e3o colocados em seu computador ou dispositivo m\u00f3vel quando voc\u00ea visita um site. Os cookies s\u00e3o amplamente utilizados por propriet\u00e1rios de sites para fazer com que os sites funcionem de forma mais eficiente, bem como para gera\u00e7\u00e3o de dados.<\/span><span style=\"font-weight: 400;\"><\/p>\n<p><\/span><\/p>\n<p><span style=\"font-weight: 400;\">Os cookies definidos pelo propriet\u00e1rio do site (neste caso, Bhapi Inc) s\u00e3o chamados de &#8220;cookies de primeira parte\u201d ou prim\u00e1rios. Os cookies definidos por n\u00e3o propriet\u00e1rios do site s\u00e3o chamados de \u201ccookies de terceiros&#8221;. Os cookies de terceiros permitem que recursos ou funcionalidades de terceiros sejam fornecidos por meio do site (por exemplo, como publicidade, conte\u00fado interativo ou servi\u00e7os de an\u00e1lise). As partes que definem esses cookies de terceiros podem reconhecer o seu computador quando visita este site em quest\u00e3o e tamb\u00e9m quando visita certos outros sites.<\/span><\/p>\n<p class=\"p1\">\n<p><b>Por que usamos cookies?<\/b><\/p>\n<p><span style=\"font-weight: 400;\">Usamos cookies pr\u00f3prios e de terceiros por v\u00e1rios motivos. Alguns cookies s\u00e3o necess\u00e1rios<\/span><\/p>\n<p><span style=\"font-weight: 400;\">por raz\u00f5es t\u00e9cnicas, para que nossos websites funcionem, e n\u00f3s nos referimos a eles como<\/span><\/p>\n<p><span style=\"font-weight: 400;\">cookies essenciais ou estritamente necess\u00e1rios. Outros cookies tamb\u00e9m nos permitem rastrear e<\/span><\/p>\n<p><span style=\"font-weight: 400;\">direcionar os interesses de nossos usu\u00e1rios para aprimorar a experi\u00eancia em nossas plataformas online.<\/span><span style=\"font-weight: 400;\"><\/p>\n<p><\/span><\/p>\n<p><span style=\"font-weight: 400;\">Terceiros tamb\u00e9m usam cookies atrav\u00e9s de nossos sites para publicidade, an\u00e1lises e outras finalidades. Os tipos espec\u00edficos de cookies prim\u00e1rios e de terceiros utilizados por meio de nossos websites e seus prop\u00f3sitos ser\u00e3o descritos abaixo (observe que o tipo espec\u00edfico de cookie utilizado pode variar dependendo das propriedades online espec\u00edficas que voc\u00ea visita).<\/span><span style=\"font-weight: 400;\"><br \/>\n<\/span><span style=\"font-weight: 400;\"><br \/>\n<\/span><b>Como posso controlar os cookies?<\/b><\/p>\n<p><span style=\"font-weight: 400;\">Voc\u00ea tem o direito de decidir se aceita ou rejeita cookies. Voc\u00ea pode fazer isso no Gerenciador de Prefer\u00eancias de Cookies (ou Cookie Consent Manager). Esse gerenciador permite que voc\u00ea selecione quais categorias de cookies voc\u00ea aceita ou n\u00e3o. Os cookies essenciais n\u00e3o podem ser rejeitados porque s\u00e3o estritamente necess\u00e1rios para lhe fornecer servi\u00e7os.<\/span><\/p>\n<p class=\"p1\">\n<p><span style=\"font-weight: 400;\">O Gerenciador de Prefer\u00eancias de Cookies pode ser encontrado na barra de notifica\u00e7\u00f5es e em nosso website. Se voc\u00ea optar por rejeitar cookies, voc\u00ea ainda pode usar nosso site, embora o acesso a algumas funcionalidades poder\u00e1 ser restrito. Voc\u00ea tamb\u00e9m pode definir ou alterar os controles do seu navegador para aceitar ou recusar cookies. Como os meios pelos quais voc\u00ea pode recusar cookies podem variar, voc\u00ea deve visitar o menu de ajuda do seu navegador para obter mais informa\u00e7\u00f5es.<\/span><\/p>\n<p class=\"p1\">\n<p><span style=\"font-weight: 400;\">Al\u00e9m disso, a maioria das empresas de publicidade oferece uma maneira de recusar an\u00fancios. Se voc\u00ea gostaria de saber mais informa\u00e7\u00f5es, por favor visite <\/span><span style=\"font-weight: 400;\">https:\/\/www.youronlinechoices.com\/<br \/>\n<\/span><span style=\"font-weight: 400;\">pt\/your-ad-choices<\/span><span style=\"font-weight: 400;\">. Os tipos espec\u00edficos de cookies prim\u00e1rios e de terceiros utilizados por meio de nossos websites e seus prop\u00f3sitos ser\u00e3o descritos abaixo (observe que o tipo espec\u00edfico de cookie utilizado pode variar dependendo das propriedades online espec\u00edficas que voc\u00ea visita).<\/span><span style=\"font-weight: 400;\"><\/p>\n<p><\/span><\/p>\n<p><span style=\"font-weight: 400;\">Cookies essenciais:<\/span><\/p>\n<p><span style=\"font-weight: 400;\">Esses cookies s\u00e3o estritamente necess\u00e1rios para fornecer os servi\u00e7os dispon\u00edveis atrav\u00e9s de nossos websites e para acessar alguns de seus recursos, como o acesso a \u00e1reas seguras.<\/span><\/p>\n<p><span style=\"font-weight: 400;\"><br \/>\n<\/span><span style=\"font-weight: 400;\">Nome: __tlbcpv<\/span><\/p>\n<p><span style=\"font-weight: 400;\">Fun\u00e7\u00e3o: usado para registrar visualiza\u00e7\u00f5es \u00fanicas de usu\u00e1rios ao banner de consentimento.<\/span><\/p>\n<p class=\"p1\">\n<p><span style=\"font-weight: 400;\">Cookies de an\u00e1lise e personaliza\u00e7\u00e3o:<\/span><\/p>\n<p><span style=\"font-weight: 400;\">Esses cookies coletam informa\u00e7\u00f5es que s\u00e3o usadas de forma agregada para nos ajudar a\u00a0<\/span><\/p>\n<p><span style=\"font-weight: 400;\">entender como nossos sites est\u00e3o sendo utilizados, qu\u00e3o eficaz nossas campanhas de marketing s\u00e3o, ou para personalizar nossos websites para voc\u00ea.<\/span><span style=\"font-weight: 400;\"><br \/>\n<\/span><span style=\"font-weight: 400;\"><br \/>\n<\/span><span style=\"font-weight: 400;\">Nome: sbbi \/<\/span><\/p>\n<p><span style=\"font-weight: 400;\">Fun\u00e7\u00e3o: __________<\/span><\/p>\n<p><span style=\"font-weight: 400;\">Provedor: bhapi.io<\/span><\/p>\n<p><span style=\"font-weight: 400;\">Servi\u00e7o: __________<\/span><\/p>\n<p><span style=\"font-weight: 400;\">Pa\u00eds: Estados Unidos<\/span><\/p>\n<p><span style=\"font-weight: 400;\">Tipo: pixel_tracker<\/span><\/p>\n<p><span style=\"font-weight: 400;\">Expira em: sess\u00e3o<\/span><span style=\"font-weight: 400;\"><\/p>\n<p><\/span><\/p>\n<p><span style=\"font-weight: 400;\">Cookies n\u00e3o classificados:<\/span><\/p>\n<p class=\"p1\">\n<p><span style=\"font-weight: 400;\">S\u00e3o cookies que ainda n\u00e3o foram categorizados. N\u00f3s estamos no processo de classificar esses cookies com a ajuda de seus fornecedores.<\/span><\/p>\n<p class=\"p1\">\n<p><span style=\"font-weight: 400;\">Nome: otr<\/span><\/p>\n<p><span style=\"font-weight: 400;\">Fun\u00e7\u00e3o: __________<\/span><\/p>\n<p><span style=\"font-weight: 400;\">Provedor: bhapi.io<\/span><\/p>\n<p><span style=\"font-weight: 400;\">Servi\u00e7o: __________<\/span><\/p>\n<p><span style=\"font-weight: 400;\">Pa\u00eds: Estados Unidos<\/span><\/p>\n<p><span style=\"font-weight: 400;\">Tipo: html_local_storage<\/span><\/p>\n<p><span style=\"font-weight: 400;\">Expira em: cont\u00ednuo<\/span><\/p>\n<p class=\"p1\">\n<p><span style=\"font-weight: 400;\">Nome: PRLST<\/span><\/p>\n<p><span style=\"font-weight: 400;\">Fun\u00e7\u00e3o: __________<\/span><\/p>\n<p><span style=\"font-weight: 400;\">Provedor: bhapi.io<\/span><\/p>\n<p><span style=\"font-weight: 400;\">Servi\u00e7o: __________<\/span><\/p>\n<p><span style=\"font-weight: 400;\">Pa\u00eds: Estados Unidos<\/span><\/p>\n<p><span style=\"font-weight: 400;\">Tipo: http_cookie<\/span><\/p>\n<p><span style=\"font-weight: 400;\">Expira em: sess\u00e3o<\/span><\/p>\n<p class=\"p1\">\n<p><span style=\"font-weight: 400;\">Nome: SPSE<\/span><\/p>\n<p><span style=\"font-weight: 400;\">Fun\u00e7\u00e3o: __________<\/span><\/p>\n<p><span style=\"font-weight: 400;\">Provedor: bhapi.io<\/span><\/p>\n<p><span style=\"font-weight: 400;\">Servi\u00e7o: __________<\/span><\/p>\n<p><span style=\"font-weight: 400;\">Pa\u00eds: Estados Unidos<\/span><\/p>\n<p><span style=\"font-weight: 400;\">Tipo: http_cookie<\/span><\/p>\n<p><span style=\"font-weight: 400;\">Expira em: sess\u00e3o<\/span><\/p>\n<p class=\"p1\">\n<p><span style=\"font-weight: 400;\">Nome: spcsrf<\/span><\/p>\n<p><span style=\"font-weight: 400;\">Fun\u00e7\u00e3o: __________<\/span><\/p>\n<p><span style=\"font-weight: 400;\">Provedor: bhapi.io<\/span><\/p>\n<p><span style=\"font-weight: 400;\">Servi\u00e7o: __________<\/span><\/p>\n<p><span style=\"font-weight: 400;\">Pa\u00eds: Estados Unidos<\/span><\/p>\n<p><span style=\"font-weight: 400;\">Tipo: server_cookie<\/span><\/p>\n<p><span style=\"font-weight: 400;\">Expira em: 2 horas<\/span><\/p>\n<p class=\"p1\">\n<p><span style=\"font-weight: 400;\">Nome: altutgv2<\/span><\/p>\n<p><span style=\"font-weight: 400;\">Fun\u00e7\u00e3o: __________<\/span><\/p>\n<p><span style=\"font-weight: 400;\">Provedor: bhapi.io<\/span><\/p>\n<p><span style=\"font-weight: 400;\">Servi\u00e7o: __________<\/span><\/p>\n<p><span style=\"font-weight: 400;\">Pa\u00eds: Estados Unidos<\/span><\/p>\n<p><span style=\"font-weight: 400;\">Tipo: html_local_storage<\/span><\/p>\n<p><span style=\"font-weight: 400;\">Expira em: cont\u00ednuo<\/span><\/p>\n<p class=\"p1\">\n<p><span style=\"font-weight: 400;\">Nome: cnv<\/span><\/p>\n<p><span style=\"font-weight: 400;\">Fun\u00e7\u00e3o: __________<\/span><\/p>\n<p><span style=\"font-weight: 400;\">Provedor: bhapi.io<\/span><\/p>\n<p><span style=\"font-weight: 400;\">Servi\u00e7o: __________ Pa\u00eds: Estados Unidos<\/span><\/p>\n<p><span style=\"font-weight: 400;\">Tipo: html_local_storage<\/span><\/p>\n<p><span style=\"font-weight: 400;\">Expira em: cont\u00ednuo<\/span><\/p>\n<p class=\"p1\">\n<p><span style=\"font-weight: 400;\">Nome: adOtr<\/span><\/p>\n<p><span style=\"font-weight: 400;\">Fun\u00e7\u00e3o: __________<\/span><\/p>\n<p><span style=\"font-weight: 400;\">Provedor: bhapi.io<\/span><\/p>\n<p><span style=\"font-weight: 400;\">Servi\u00e7o: __________<\/span><\/p>\n<p><span style=\"font-weight: 400;\">Pa\u00eds: Estados Unidos<\/span><\/p>\n<p><span style=\"font-weight: 400;\">Tipo: http_cookie<\/span><\/p>\n<p><span style=\"font-weight: 400;\">Expira em: sess\u00e3o<\/span><\/p>\n<p class=\"p1\">\n<p><span style=\"font-weight: 400;\">Nome: SPSI<\/span><\/p>\n<p><span style=\"font-weight: 400;\">Fun\u00e7\u00e3o: __________<\/span><\/p>\n<p><span style=\"font-weight: 400;\">Provedor: bhapi.io<\/span><\/p>\n<p><span style=\"font-weight: 400;\">Servi\u00e7o: __________<\/span><\/p>\n<p><span style=\"font-weight: 400;\">Pa\u00eds: Estados Unidos<\/span><\/p>\n<p><span style=\"font-weight: 400;\">Tipo: server_cookie<\/span><\/p>\n<p><span style=\"font-weight: 400;\">Expira em: sess\u00e3o<\/span><\/p>\n<p class=\"p1\">\n<p><span style=\"font-weight: 400;\">Nome: UTGv2<\/span><\/p>\n<p><span style=\"font-weight: 400;\">Fun\u00e7\u00e3o: __________<\/span><\/p>\n<p><span style=\"font-weight: 400;\">Provedor: bhapi.io<\/span><\/p>\n<p><span style=\"font-weight: 400;\">Servi\u00e7o: __________<\/span><\/p>\n<p><span style=\"font-weight: 400;\">Pa\u00eds: Estados Unidos<\/span><\/p>\n<p><span style=\"font-weight: 400;\">Tipo: http_cookie<\/span><\/p>\n<p><span style=\"font-weight: 400;\">Expira em: 5 meses 27 dias<\/span><\/p>\n<p class=\"p1\">\n<p><span style=\"font-weight: 400;\">Nome: sp_lit<\/span><\/p>\n<p><span style=\"font-weight: 400;\">Fun\u00e7\u00e3o: __________<\/span><\/p>\n<p><span style=\"font-weight: 400;\">Provedor: bhapi.io<\/span><\/p>\n<p><span style=\"font-weight: 400;\">Servi\u00e7o: __________<\/span><\/p>\n<p><span style=\"font-weight: 400;\">Pa\u00eds: Estados Unidos<\/span><\/p>\n<p><span style=\"font-weight: 400;\">Tipo: http_cookie<\/span><\/p>\n<p><span style=\"font-weight: 400;\">Expira em: 5 minutos<\/span><\/p>\n<p class=\"p1\">\n<p><span style=\"font-weight: 400;\">Nome: csr<\/span><\/p>\n<p><span style=\"font-weight: 400;\">Fun\u00e7\u00e3o: __________<\/span><\/p>\n<p><span style=\"font-weight: 400;\">Provedor: bhapi.io<\/span><\/p>\n<p><span style=\"font-weight: 400;\">Servi\u00e7o: __________<\/span><\/p>\n<p><span style=\"font-weight: 400;\">Pa\u00eds: Estados Unidos<\/span><\/p>\n<p><span style=\"font-weight: 400;\">Tipo: html_local_storage<\/span><\/p>\n<p><span style=\"font-weight: 400;\">Expira em: cont\u00ednuo<\/span><\/p>\n<p><b>E quanto a outras tecnologias de rastreamento, como web beacons?<\/b><\/p>\n<p><span style=\"font-weight: 400;\">Os cookies n\u00e3o s\u00e3o a \u00fanica forma de reconhecer ou rastrear os visitantes de um site. Podemos usar outras tecnologias semelhantes de vez em quando, como web beacons (\u00e0s vezes chamados<\/span><\/p>\n<p><span style=\"font-weight: 400;\">\u201cpixels de rastreamento\u201d ou \u201cgifs transparentes\u201d). Eles s\u00e3o pequenos arquivos gr\u00e1ficos que cont\u00eam um \u00fanico identificador que nos permite reconhecer quando algu\u00e9m visitou nossos sites ou abriu um e-mail que tinha esse link. Isso nos permite, por exemplo, monitorar o tr\u00e1fego padr\u00e3o de usu\u00e1rios de uma p\u00e1gina em um site para outro, entregar ou comunicar-se com cookies e saber se voc\u00ea chegou ao nosso site a partir de um an\u00fancio online exibido em um site de terceiros; tamb\u00e9m nos permite melhorar o desempenho de nosso website e medir o sucesso de campanhas de marketing por e-mail. Em muitos casos, essas tecnologias dependem de cookies para funcionar corretamente, portanto recusar cookies prejudicar\u00e1 seu funcionamento.<\/span><\/p>\n<p class=\"p1\">\n<p><span style=\"font-weight: 400;\"><\/p>\n<p><\/span><\/p>\n<p><b>Posso n\u00e3o permitir o uso de Flash Cookies ou Objeto Compartilhado Local?<\/b><b><\/p>\n<p><\/b><\/p>\n<p><span style=\"font-weight: 400;\">Os websites tamb\u00e9m podem usar os chamados \u201cFlash Cookies\u201d (tamb\u00e9m conhecidos como Objeto Compartilhado Local ou \u201cLSOs\u201d, em ingl\u00eas) para, entre outras coisas, coletar e armazenar informa\u00e7\u00f5es sobre o seu uso de nossos servi\u00e7os, preven\u00e7\u00e3o de fraude e para outras opera\u00e7\u00f5es do site. Se voc\u00ea n\u00e3o deseja ter Flash Cookies armazenados em seu computador, voc\u00ea pode ajustar as configura\u00e7\u00f5es do seu Flash Player para bloquear o armazenamento de Flash Cookies usando as ferramentas do painel de configura\u00e7\u00f5es de armazenamento do website. Voc\u00ea tamb\u00e9m pode controlar Flash Cookies ao acessar o painel de configura\u00e7\u00f5es de armazenamento global, que pode incluir instru\u00e7\u00f5es que explicam, por exemplo, como excluir Flash Cookies (referenciados como &#8220;informa\u00e7\u00f5es&#8221; no site da Macromedia), como prevenir que LSOs \u200b\u200bFlash sejam colocados em seu computador sem sua permiss\u00e3o e (para Flash Player 8 ou posterior) como bloquear Flash Cookies que n\u00e3o est\u00e3o sendo entregues pelo operador da p\u00e1gina em que voc\u00ea est\u00e1 no momento.<\/span><\/p>\n<p class=\"p1\">\n<p><span style=\"font-weight: 400;\">Observe que configurar o Flash Player para restringir ou limitar a aceita\u00e7\u00e3o do Flash Cookies pode reduzir ou impedir o desempenho de alguns aplicativos Flash, incluindo, potencialmente, aplicativos Flash usados \u200b\u200bem conex\u00e3o com nossos servi\u00e7os ou conte\u00fado online.<\/span><\/p>\n<p class=\"p1\">\n<p><b>Com qual frequ\u00eancia voc\u00eas atualizar\u00e3o esta Pol\u00edtica de Cookies?<\/b><\/p>\n<p><span style=\"font-weight: 400;\">Podemos atualizar esta Pol\u00edtica de Cookies de tempos em tempos para refletir, por exemplo,<\/span><\/p>\n<p><span style=\"font-weight: 400;\">altera\u00e7\u00f5es nos cookies que usamos ou por outras raz\u00f5es operacionais, legais ou regulat\u00f3rias.<\/span><\/p>\n<p><span style=\"font-weight: 400;\">Portanto, visite esta Pol\u00edtica de Cookies regularmente para se manter informado sobre nosso uso<\/span><\/p>\n<p><span style=\"font-weight: 400;\">de cookies e tecnologias relacionadas. A data no topo desta Pol\u00edtica de Cookies indicar\u00e1 quando ela foi atualizada pela \u00faltima vez.<\/span><\/p>\n<p class=\"p1\">\n<p><b>Onde posso obter mais informa\u00e7\u00f5es?<\/b><\/p>\n<p><span style=\"font-weight: 400;\">Se voc\u00ea tiver alguma d\u00favida sobre nosso uso de cookies ou outras tecnologias, por favor<\/span><\/p>\n<p><span style=\"font-weight: 400;\">envie um e-mail para <\/span><span style=\"font-weight: 400;\">contato@bhapi.com.br<\/span><span style=\"font-weight: 400;\">.<\/span><\/p>\n<p class=\"p1\">\n<p><span style=\"font-weight: 400;\">Nosso endere\u00e7o para correio \u00e9:<\/span><span style=\"font-weight: 400;\"><br \/>\n<\/span><span style=\"font-weight: 400;\">Bhapi Inc<\/span><\/p>\n<p><span style=\"font-weight: 400;\">2810 North Church Street, Wilmington Delaware<\/span><\/p>\n<p><span style=\"font-weight: 400;\">Wilmington, DE 19802<\/span><\/p>\n<p><span style=\"font-weight: 400;\">Estados Unidos<\/span><\/p>\n\t\t\t\t\t\t\t\t<\/div>\n\t\t\t\t<\/div>\n\t\t\t\t\t<\/div>\n\t\t<\/div>\n\t\t\t\t\t<\/div>\n\t\t<\/section>\n\t\t\t\t<\/div>\n\t\t","protected":false},"excerpt":{"rendered":"<p>Pol\u00edtica de Cookies \u00daltima atualiza\u00e7\u00e3o em 26 de Agosto de 2021 Esta Pol\u00edtica de Cookies explica como a Bhapi Inc (\u201cempresa\u201d, \u201cn\u00f3s\u201d, \u201cnos\u201d e \u201cnosso\u201d) utiliza cookies e tecnologias semelhantes para reconhecer quando voc\u00ea visita nossos sites em https:\/\/bhapi.com.br, (\u201cWebsites\u201d). Este aviso explica o que s\u00e3o essas tecnologias e por que as usamos, bem como [&hellip;]<\/p>\n","protected":false},"author":1,"featured_media":0,"parent":0,"menu_order":0,"comment_status":"closed","ping_status":"closed","template":"","meta":{"_monsterinsights_skip_tracking":false,"_monsterinsights_sitenote_active":false,"_monsterinsights_sitenote_note":"","_monsterinsights_sitenote_category":0,"footnotes":""},"class_list":["post-1687","page","type-page","status-publish","hentry"],"_links":{"self":[{"href":"https:\/\/bhapi.com\/pt-br\/wp-json\/wp\/v2\/pages\/1687","targetHints":{"allow":["GET"]}}],"collection":[{"href":"https:\/\/bhapi.com\/pt-br\/wp-json\/wp\/v2\/pages"}],"about":[{"href":"https:\/\/bhapi.com\/pt-br\/wp-json\/wp\/v2\/types\/page"}],"author":[{"embeddable":true,"href":"https:\/\/bhapi.com\/pt-br\/wp-json\/wp\/v2\/users\/1"}],"replies":[{"embeddable":true,"href":"https:\/\/bhapi.com\/pt-br\/wp-json\/wp\/v2\/comments?post=1687"}],"version-history":[{"count":1,"href":"https:\/\/bhapi.com\/pt-br\/wp-json\/wp\/v2\/pages\/1687\/revisions"}],"predecessor-version":[{"id":3101,"href":"https:\/\/bhapi.com\/pt-br\/wp-json\/wp\/v2\/pages\/1687\/revisions\/3101"}],"wp:attachment":[{"href":"https:\/\/bhapi.com\/pt-br\/wp-json\/wp\/v2\/media?parent=1687"}],"curies":[{"name":"wp","href":"https:\/\/api.w.org\/{rel}","templated":true}]}}